{"id":1326,"date":"2019-12-01T00:11:32","date_gmt":"2019-12-01T04:11:32","guid":{"rendered":"http:\/\/www.amazongas.com.br\/?page_id=1326"},"modified":"2020-11-14T19:20:50","modified_gmt":"2020-11-14T23:20:50","slug":"plataforma-revendedor","status":"publish","type":"page","link":"https:\/\/www.amazongas.com.br\/site\/?page_id=1326","title":{"rendered":"Plataforma Revendedor"},"content":{"rendered":"<p>Para baixar a Plataforma AmazonG\u00e1s \u00e9 s\u00f3 clicar no link abaixo, voc\u00ea ser\u00e1 direcionado a p\u00e1gina do Google Play.<\/p>\n<p><a href=\"https:\/\/play.google.com\/store\/apps\/details?id=com.amazongas.apprevendedor\" target=\"_blank\"><span style=\"color: #ff6600;\">https:\/\/play.google.com\/store\/apps\/details?id=com.amazongas.apprevendedor <\/span><\/a><\/p>\n<p><a href=\"https:\/\/play.google.com\/store\/apps\/details?id=com.amazongas.apprevendedor&amp;pcampaignid=pcampaignidMKT-Other-global-all-co-prtnr-py-PartBadge-Mar2515-1\"><img loading=\"lazy\" class=\"\" src=\"https:\/\/play.google.com\/intl\/en_gb\/badges\/static\/images\/badges\/pt_badge_web_generic.png\" alt=\"Dispon\u00edvel no Google Play\" width=\"189\" height=\"73\" \/><\/a><\/p>\n<p>Clique no Bot\u00e3o <span style=\"color: #808000;\">Verde <\/span>para Instalar e pronto, voc\u00ea ja pode usar.<\/p>\n<p><a href=\"https:\/\/play.google.com\/store\/apps\/details?id=com.amazongas.apprevendedor\"><span style=\"color: #ff6600;\"><img loading=\"lazy\" class=\"aligncenter size-full wp-image-1327\" src=\"https:\/\/www.amazongas.com.br\/site\/wp-content\/uploads\/2019\/11\/Screen-Shot-2019-12-01-at-12.08.16-AM.png\" alt=\"Screen Shot 2019-12-01 at 12.08.16 AM\" width=\"1018\" height=\"604\" \/><\/span><del><\/del><\/a><\/p>\n","protected":false},"excerpt":{"rendered":"<p>Para baixar a Plataforma AmazonG\u00e1s \u00e9 s\u00f3 clicar no link abaixo, voc\u00ea ser\u00e1 direcionado a p\u00e1gina do Google Play. https:\/\/play.google.com\/store\/apps\/details?id=com.amazongas.apprevendedor Clique no Bot\u00e3o Verde para Instalar e pronto, voc\u00ea ja pode usar.<\/p>\n","protected":false},"author":1,"featured_media":888,"parent":9,"menu_order":1,"comment_status":"closed","ping_status":"closed","template":"pagina-filha.php","meta":[],"yoast_head":"<!-- This site is optimized with the Yoast SEO plugin v15.7 - https:\/\/yoast.com\/wordpress\/plugins\/seo\/ -->\r\n<meta name=\"robots\" content=\"index, follow, max-snippet:-1, max-image-preview:large, max-video-preview:-1\" \/>\r\n<link rel=\"canonical\" href=\"https:\/\/www.amazongas.com.br\/site\/?page_id=1326\" \/>\r\n<meta property=\"og:locale\" content=\"pt_BR\" \/>\r\n<meta property=\"og:type\" content=\"article\" \/>\r\n<meta property=\"og:title\" content=\"Plataforma Revendedor - AmazonG\u00e1s\" \/>\r\n<meta property=\"og:description\" content=\"Para baixar a Plataforma AmazonG\u00e1s \u00e9 s\u00f3 clicar no link abaixo, voc\u00ea ser\u00e1 direcionado a p\u00e1gina do Google Play. https:\/\/play.google.com\/store\/apps\/details?id=com.amazongas.apprevendedor Clique no Bot\u00e3o Verde para Instalar e pronto, voc\u00ea ja pode usar.\" \/>\r\n<meta property=\"og:url\" content=\"https:\/\/www.amazongas.com.br\/site\/?page_id=1326\" \/>\r\n<meta property=\"og:site_name\" content=\"AmazonG\u00e1s\" \/>\r\n<meta property=\"article:modified_time\" content=\"2020-11-14T23:20:50+00:00\" \/>\r\n<meta property=\"og:image\" content=\"https:\/\/www.amazongas.com.br\/site\/wp-content\/uploads\/2016\/08\/produtos-e-servicos.jpg\" \/>\r\n\t<meta property=\"og:image:width\" content=\"1920\" \/>\r\n\t<meta property=\"og:image:height\" content=\"210\" \/>\r\n<meta name=\"twitter:card\" content=\"summary\" \/>\r\n<script type=\"application\/ld+json\" class=\"yoast-schema-graph\">{\"@context\":\"https:\/\/schema.org\",\"@graph\":[{\"@type\":\"WebSite\",\"@id\":\"https:\/\/www.amazongas.com.br\/site\/#website\",\"url\":\"https:\/\/www.amazongas.com.br\/site\/\",\"name\":\"AmazonG\\u00e1s\",\"description\":\"Servindo Melhor!\",\"potentialAction\":[{\"@type\":\"SearchAction\",\"target\":\"https:\/\/www.amazongas.com.br\/site\/?s={search_term_string}\",\"query-input\":\"required name=search_term_string\"}],\"inLanguage\":\"pt-BR\"},{\"@type\":\"ImageObject\",\"@id\":\"https:\/\/www.amazongas.com.br\/site\/?page_id=1326#primaryimage\",\"inLanguage\":\"pt-BR\",\"url\":\"https:\/\/www.amazongas.com.br\/site\/wp-content\/uploads\/2016\/08\/produtos-e-servicos.jpg\",\"width\":1920,\"height\":210},{\"@type\":\"WebPage\",\"@id\":\"https:\/\/www.amazongas.com.br\/site\/?page_id=1326#webpage\",\"url\":\"https:\/\/www.amazongas.com.br\/site\/?page_id=1326\",\"name\":\"Plataforma Revendedor - AmazonG\\u00e1s\",\"isPartOf\":{\"@id\":\"https:\/\/www.amazongas.com.br\/site\/#website\"},\"primaryImageOfPage\":{\"@id\":\"https:\/\/www.amazongas.com.br\/site\/?page_id=1326#primaryimage\"},\"datePublished\":\"2019-12-01T04:11:32+00:00\",\"dateModified\":\"2020-11-14T23:20:50+00:00\",\"inLanguage\":\"pt-BR\",\"potentialAction\":[{\"@type\":\"ReadAction\",\"target\":[\"https:\/\/www.amazongas.com.br\/site\/?page_id=1326\"]}]}]}<\/script>\r\n<!-- \/ Yoast SEO plugin. -->","_links":{"self":[{"href":"https:\/\/www.amazongas.com.br\/site\/index.php?rest_route=\/wp\/v2\/pages\/1326"}],"collection":[{"href":"https:\/\/www.amazongas.com.br\/site\/index.php?rest_route=\/wp\/v2\/pages"}],"about":[{"href":"https:\/\/www.amazongas.com.br\/site\/index.php?rest_route=\/wp\/v2\/types\/page"}],"author":[{"embeddable":true,"href":"https:\/\/www.amazongas.com.br\/site\/index.php?rest_route=\/wp\/v2\/users\/1"}],"replies":[{"embeddable":true,"href":"https:\/\/www.amazongas.com.br\/site\/index.php?rest_route=%2Fwp%2Fv2%2Fcomments&post=1326"}],"version-history":[{"count":6,"href":"https:\/\/www.amazongas.com.br\/site\/index.php?rest_route=\/wp\/v2\/pages\/1326\/revisions"}],"predecessor-version":[{"id":1367,"href":"https:\/\/www.amazongas.com.br\/site\/index.php?rest_route=\/wp\/v2\/pages\/1326\/revisions\/1367"}],"up":[{"embeddable":true,"href":"https:\/\/www.amazongas.com.br\/site\/index.php?rest_route=\/wp\/v2\/pages\/9"}],"wp:featuredmedia":[{"embeddable":true,"href":"https:\/\/www.amazongas.com.br\/site\/index.php?rest_route=\/wp\/v2\/media\/888"}],"wp:attachment":[{"href":"https:\/\/www.amazongas.com.br\/site\/index.php?rest_route=%2Fwp%2Fv2%2Fmedia&parent=1326"}],"curies":[{"name":"wp","href":"https:\/\/api.w.org\/{rel}","templated":true}]}}