{"id":1285,"date":"2019-01-15T07:58:36","date_gmt":"2019-01-15T11:58:36","guid":{"rendered":"http:\/\/www.amazongas.com.br\/?page_id=1285"},"modified":"2019-01-15T08:43:16","modified_gmt":"2019-01-15T12:43:16","slug":"seja-nosso-cliente","status":"publish","type":"page","link":"https:\/\/www.amazongas.com.br\/site\/?page_id=1285","title":{"rendered":"Seja nosso Cliente"},"content":{"rendered":"<p style=\"text-align: center;\">Avaliamos sua necessidade e propomos o projeto de instala\u00e7\u00e3o e fornecimento adequados a suas necessidades.<\/p>\n\n\t\t<style type=\"text\/css\">\n\t\t\t#gallery-1 {\n\t\t\t\tmargin: auto;\n\t\t\t}\n\t\t\t#gallery-1 .gallery-item {\n\t\t\t\tfloat: left;\n\t\t\t\tmargin-top: 10px;\n\t\t\t\ttext-align: center;\n\t\t\t\twidth: 33%;\n\t\t\t}\n\t\t\t#gallery-1 img {\n\t\t\t\tborder: 2px solid #cfcfcf;\n\t\t\t}\n\t\t\t#gallery-1 .gallery-caption {\n\t\t\t\tmargin-left: 0;\n\t\t\t}\n\t\t\t\/* see gallery_shortcode() in wp-includes\/media.php *\/\n\t\t<\/style>\n\t\t<div id='gallery-1' class='gallery galleryid-1285 gallery-columns-3 gallery-size-full'><dl class='gallery-item'>\n\t\t\t<dt class='gallery-icon portrait'>\n\t\t\t\t<img width=\"195\" height=\"202\" src=\"https:\/\/www.amazongas.com.br\/site\/wp-content\/uploads\/2019\/01\/Untitled-1.png\" class=\"attachment-full size-full\" alt=\"\" loading=\"lazy\" \/>\n\t\t\t<\/dt><\/dl><dl class='gallery-item'>\n\t\t\t<dt class='gallery-icon portrait'>\n\t\t\t\t<img width=\"194\" height=\"247\" src=\"https:\/\/www.amazongas.com.br\/site\/wp-content\/uploads\/2016\/08\/BotijaP90.jpg\" class=\"attachment-full size-full\" alt=\"\" loading=\"lazy\" aria-describedby=\"gallery-1-993\" \/>\n\t\t\t<\/dt>\n\t\t\t\t<dd class='wp-caption-text gallery-caption' id='gallery-1-993'>\n\t\t\t\t<h5>Cilindro P190 <br> MAIOR CONSUMO<\/h5><p>O cilindro possui 190 quilos, J\u00e1 empregado por consumidores que precisam de um maior volume de g\u00e1s, como nos segmentos comerciais, industriais e empresariais e condom\u00ednios.<p>\n\t\t\t\t<\/dd><\/dl><dl class='gallery-item'>\n\t\t\t<dt class='gallery-icon portrait'>\n\t\t\t\t<img width=\"195\" height=\"202\" src=\"https:\/\/www.amazongas.com.br\/site\/wp-content\/uploads\/2019\/01\/Untitled-1-1.png\" class=\"attachment-full size-full\" alt=\"\" loading=\"lazy\" \/>\n\t\t\t<\/dt><\/dl><br style=\"clear: both\" \/>\n\t\t<\/div>\n\n<p style=\"text-align: center;\">Conhe\u00e7a os produtos e saiba mais sobre utiliza\u00e7\u00e3o e dimens\u00f5es dos botij\u00f5es de g\u00e1s da Amazong\u00e1s.<br \/>\n<a class=\"button-1\" href=\"https:\/\/www.amazongas.com.br\/site\/?page_id=13\">quero ser cliente<\/a><\/p>\n","protected":false},"excerpt":{"rendered":"<p>Avaliamos sua necessidade e propomos o projeto de instala\u00e7\u00e3o e fornecimento adequados a suas necessidades. Conhe\u00e7a os produtos e saiba mais sobre utiliza\u00e7\u00e3o e dimens\u00f5es dos botij\u00f5es de g\u00e1s da Amazong\u00e1s. quero ser cliente<\/p>\n","protected":false},"author":1,"featured_media":844,"parent":1017,"menu_order":6,"comment_status":"closed","ping_status":"closed","template":"pagina-filha.php","meta":[],"yoast_head":"<!-- This site is optimized with the Yoast SEO plugin v15.7 - https:\/\/yoast.com\/wordpress\/plugins\/seo\/ -->\r\n<meta name=\"robots\" content=\"index, follow, max-snippet:-1, max-image-preview:large, max-video-preview:-1\" \/>\r\n<link rel=\"canonical\" href=\"https:\/\/www.amazongas.com.br\/site\/?page_id=1285\" \/>\r\n<meta property=\"og:locale\" content=\"pt_BR\" \/>\r\n<meta property=\"og:type\" content=\"article\" \/>\r\n<meta property=\"og:title\" content=\"Seja nosso Cliente - AmazonG\u00e1s\" \/>\r\n<meta property=\"og:description\" content=\"Avaliamos sua necessidade e propomos o projeto de instala\u00e7\u00e3o e fornecimento adequados a suas necessidades. Conhe\u00e7a os produtos e saiba mais sobre utiliza\u00e7\u00e3o e dimens\u00f5es dos botij\u00f5es de g\u00e1s da Amazong\u00e1s. quero ser cliente\" \/>\r\n<meta property=\"og:url\" content=\"https:\/\/www.amazongas.com.br\/site\/?page_id=1285\" \/>\r\n<meta property=\"og:site_name\" content=\"AmazonG\u00e1s\" \/>\r\n<meta property=\"article:modified_time\" content=\"2019-01-15T12:43:16+00:00\" \/>\r\n<meta property=\"og:image\" content=\"https:\/\/www.amazongas.com.br\/site\/wp-content\/uploads\/2016\/09\/insdustrias-e-condominios.jpg\" \/>\r\n\t<meta property=\"og:image:width\" content=\"1920\" \/>\r\n\t<meta property=\"og:image:height\" content=\"210\" \/>\r\n<meta name=\"twitter:card\" content=\"summary\" \/>\r\n<script type=\"application\/ld+json\" class=\"yoast-schema-graph\">{\"@context\":\"https:\/\/schema.org\",\"@graph\":[{\"@type\":\"WebSite\",\"@id\":\"https:\/\/www.amazongas.com.br\/site\/#website\",\"url\":\"https:\/\/www.amazongas.com.br\/site\/\",\"name\":\"AmazonG\\u00e1s\",\"description\":\"Servindo Melhor!\",\"potentialAction\":[{\"@type\":\"SearchAction\",\"target\":\"https:\/\/www.amazongas.com.br\/site\/?s={search_term_string}\",\"query-input\":\"required name=search_term_string\"}],\"inLanguage\":\"pt-BR\"},{\"@type\":\"ImageObject\",\"@id\":\"https:\/\/www.amazongas.com.br\/site\/?page_id=1285#primaryimage\",\"inLanguage\":\"pt-BR\",\"url\":\"https:\/\/www.amazongas.com.br\/site\/wp-content\/uploads\/2016\/09\/insdustrias-e-condominios.jpg\",\"width\":1920,\"height\":210},{\"@type\":\"WebPage\",\"@id\":\"https:\/\/www.amazongas.com.br\/site\/?page_id=1285#webpage\",\"url\":\"https:\/\/www.amazongas.com.br\/site\/?page_id=1285\",\"name\":\"Seja nosso Cliente - AmazonG\\u00e1s\",\"isPartOf\":{\"@id\":\"https:\/\/www.amazongas.com.br\/site\/#website\"},\"primaryImageOfPage\":{\"@id\":\"https:\/\/www.amazongas.com.br\/site\/?page_id=1285#primaryimage\"},\"datePublished\":\"2019-01-15T11:58:36+00:00\",\"dateModified\":\"2019-01-15T12:43:16+00:00\",\"inLanguage\":\"pt-BR\",\"potentialAction\":[{\"@type\":\"ReadAction\",\"target\":[\"https:\/\/www.amazongas.com.br\/site\/?page_id=1285\"]}]}]}<\/script>\r\n<!-- \/ Yoast SEO plugin. -->","_links":{"self":[{"href":"https:\/\/www.amazongas.com.br\/site\/index.php?rest_route=\/wp\/v2\/pages\/1285"}],"collection":[{"href":"https:\/\/www.amazongas.com.br\/site\/index.php?rest_route=\/wp\/v2\/pages"}],"about":[{"href":"https:\/\/www.amazongas.com.br\/site\/index.php?rest_route=\/wp\/v2\/types\/page"}],"author":[{"embeddable":true,"href":"https:\/\/www.amazongas.com.br\/site\/index.php?rest_route=\/wp\/v2\/users\/1"}],"replies":[{"embeddable":true,"href":"https:\/\/www.amazongas.com.br\/site\/index.php?rest_route=%2Fwp%2Fv2%2Fcomments&post=1285"}],"version-history":[{"count":5,"href":"https:\/\/www.amazongas.com.br\/site\/index.php?rest_route=\/wp\/v2\/pages\/1285\/revisions"}],"predecessor-version":[{"id":1297,"href":"https:\/\/www.amazongas.com.br\/site\/index.php?rest_route=\/wp\/v2\/pages\/1285\/revisions\/1297"}],"up":[{"embeddable":true,"href":"https:\/\/www.amazongas.com.br\/site\/index.php?rest_route=\/wp\/v2\/pages\/1017"}],"wp:featuredmedia":[{"embeddable":true,"href":"https:\/\/www.amazongas.com.br\/site\/index.php?rest_route=\/wp\/v2\/media\/844"}],"wp:attachment":[{"href":"https:\/\/www.amazongas.com.br\/site\/index.php?rest_route=%2Fwp%2Fv2%2Fmedia&parent=1285"}],"curies":[{"name":"wp","href":"https:\/\/api.w.org\/{rel}","templated":true}]}}