{"id":1277,"date":"2019-01-15T07:39:44","date_gmt":"2019-01-15T11:39:44","guid":{"rendered":"http:\/\/www.amazongas.com.br\/?page_id=1277"},"modified":"2019-01-15T08:47:39","modified_gmt":"2019-01-15T12:47:39","slug":"seja-nosso-cliente","status":"publish","type":"page","link":"https:\/\/www.amazongas.com.br\/site\/?page_id=1277","title":{"rendered":"Seja nosso Cliente"},"content":{"rendered":"<p>Avaliamos sua necessidade e propomos o projeto de instala\u00e7\u00e3o e fornecimento ideal para o seu neg\u00f3cio.<\/p>\n<div>\n\n\t\t<style type=\"text\/css\">\n\t\t\t#gallery-1 {\n\t\t\t\tmargin: auto;\n\t\t\t}\n\t\t\t#gallery-1 .gallery-item {\n\t\t\t\tfloat: left;\n\t\t\t\tmargin-top: 10px;\n\t\t\t\ttext-align: center;\n\t\t\t\twidth: 33%;\n\t\t\t}\n\t\t\t#gallery-1 img {\n\t\t\t\tborder: 2px solid #cfcfcf;\n\t\t\t}\n\t\t\t#gallery-1 .gallery-caption {\n\t\t\t\tmargin-left: 0;\n\t\t\t}\n\t\t\t\/* see gallery_shortcode() in wp-includes\/media.php *\/\n\t\t<\/style>\n\t\t<div id='gallery-1' class='gallery galleryid-1277 gallery-columns-3 gallery-size-full'><dl class='gallery-item'>\n\t\t\t<dt class='gallery-icon portrait'>\n\t\t\t\t<img width=\"194\" height=\"247\" src=\"https:\/\/www.amazongas.com.br\/site\/wp-content\/uploads\/2016\/10\/BotijaP20.jpg\" class=\"attachment-full size-full\" alt=\"\" loading=\"lazy\" aria-describedby=\"gallery-1-1082\" \/>\n\t\t\t<\/dt>\n\t\t\t\t<dd class='wp-caption-text gallery-caption' id='gallery-1-1082'>\n\t\t\t\t<h5>Cilindro P20 &#8211; COMBUST\u00cdVEL PARA EMPILHADEIRAS <\/h5><p>Para empilhadeiras industriais com 20Kg de g\u00e1s.  Esses cilindros s\u00e3o projetados para utiliza\u00e7\u00e3o na posi\u00e7\u00e3o horizontal . Dispomos destes cilindros com e sem medidores de volume instalados.<\/p>\n\t\t\t\t<\/dd><\/dl><dl class='gallery-item'>\n\t\t\t<dt class='gallery-icon portrait'>\n\t\t\t\t<img width=\"194\" height=\"247\" src=\"https:\/\/www.amazongas.com.br\/site\/wp-content\/uploads\/2016\/08\/BotijaP45.jpg\" class=\"attachment-full size-full\" alt=\"\" loading=\"lazy\" aria-describedby=\"gallery-1-992\" \/>\n\t\t\t<\/dt>\n\t\t\t\t<dd class='wp-caption-text gallery-caption' id='gallery-1-992'>\n\t\t\t\t<h5>Cilindro P45<\/h5><p>Possui 45 quilos. Pode ser utilizado em diferentes situa\u00e7\u00f5es, resid\u00eancias, com\u00e9rcio, bares, restaurantes. Solicite uma visita t\u00e9cnica.<\/p>\n\t\t\t\t<\/dd><\/dl><dl class='gallery-item'>\n\t\t\t<dt class='gallery-icon portrait'>\n\t\t\t\t<img width=\"194\" height=\"247\" src=\"https:\/\/www.amazongas.com.br\/site\/wp-content\/uploads\/2016\/08\/BotijaP90.jpg\" class=\"attachment-full size-full\" alt=\"\" loading=\"lazy\" aria-describedby=\"gallery-1-993\" \/>\n\t\t\t<\/dt>\n\t\t\t\t<dd class='wp-caption-text gallery-caption' id='gallery-1-993'>\n\t\t\t\t<h5>Cilindro P190 <br> MAIOR CONSUMO<\/h5><p>O cilindro possui 190 quilos, J\u00e1 empregado por consumidores que precisam de um maior volume de g\u00e1s, como nos segmentos comerciais, industriais e empresariais e condom\u00ednios.<p>\n\t\t\t\t<\/dd><\/dl><br style=\"clear: both\" \/>\n\t\t<\/div>\n\n<\/div>\n<div>\n\n\t\t<style type=\"text\/css\">\n\t\t\t#gallery-2 {\n\t\t\t\tmargin: auto;\n\t\t\t}\n\t\t\t#gallery-2 .gallery-item {\n\t\t\t\tfloat: left;\n\t\t\t\tmargin-top: 10px;\n\t\t\t\ttext-align: center;\n\t\t\t\twidth: 100%;\n\t\t\t}\n\t\t\t#gallery-2 img {\n\t\t\t\tborder: 2px solid #cfcfcf;\n\t\t\t}\n\t\t\t#gallery-2 .gallery-caption {\n\t\t\t\tmargin-left: 0;\n\t\t\t}\n\t\t\t\/* see gallery_shortcode() in wp-includes\/media.php *\/\n\t\t<\/style>\n\t\t<div id='gallery-2' class='gallery galleryid-1277 gallery-columns-1 gallery-size-full'><dl class='gallery-item'>\n\t\t\t<dt class='gallery-icon landscape'>\n\t\t\t\t<img width=\"800\" height=\"316\" src=\"https:\/\/www.amazongas.com.br\/site\/wp-content\/uploads\/2016\/10\/tanque-estacionario.png\" class=\"attachment-full size-full\" alt=\"\" loading=\"lazy\" aria-describedby=\"gallery-2-1111\" \/>\n\t\t\t<\/dt>\n\t\t\t\t<dd class='wp-caption-text gallery-caption' id='gallery-2-1111'>\n\t\t\t\t<h5>TANQUES ESTACION\u00c1RIOS <br>CONSUMO INDUSTRIAL<\/h5><p>Com capacidades que variam entre 2Ton e 40Ton estes tanques s\u00e3o a solu\u00e7\u00e3o ideal para industrias com alto consumo.<\/p>\n\t\t\t\t<\/dd><\/dl><br style=\"clear: both\" \/>\n\t\t<\/div>\n\n<\/div>\n<p style=\"text-align: center;\"><a class=\"button-1\" href=\"https:\/\/www.amazongas.com.br\/site\/?page_id=13\">quero ser cliente<\/a><\/p>\n","protected":false},"excerpt":{"rendered":"<p>Avaliamos sua necessidade e propomos o projeto de instala\u00e7\u00e3o e fornecimento ideal para o seu neg\u00f3cio. quero ser cliente<\/p>\n","protected":false},"author":1,"featured_media":940,"parent":1013,"menu_order":11,"comment_status":"closed","ping_status":"closed","template":"pagina-filha.php","meta":[],"yoast_head":"<!-- This site is optimized with the Yoast SEO plugin v15.7 - https:\/\/yoast.com\/wordpress\/plugins\/seo\/ -->\r\n<meta name=\"robots\" content=\"index, follow, max-snippet:-1, max-image-preview:large, max-video-preview:-1\" \/>\r\n<link rel=\"canonical\" href=\"https:\/\/www.amazongas.com.br\/site\/?page_id=1277\" \/>\r\n<meta property=\"og:locale\" content=\"pt_BR\" \/>\r\n<meta property=\"og:type\" content=\"article\" \/>\r\n<meta property=\"og:title\" content=\"Seja nosso Cliente - AmazonG\u00e1s\" \/>\r\n<meta property=\"og:description\" content=\"Avaliamos sua necessidade e propomos o projeto de instala\u00e7\u00e3o e fornecimento ideal para o seu neg\u00f3cio. quero ser cliente\" \/>\r\n<meta property=\"og:url\" content=\"https:\/\/www.amazongas.com.br\/site\/?page_id=1277\" \/>\r\n<meta property=\"og:site_name\" content=\"AmazonG\u00e1s\" \/>\r\n<meta property=\"article:modified_time\" content=\"2019-01-15T12:47:39+00:00\" \/>\r\n<meta property=\"og:image\" content=\"https:\/\/www.amazongas.com.br\/site\/wp-content\/uploads\/2016\/09\/espaco-revendedor-1.jpg\" \/>\r\n\t<meta property=\"og:image:width\" content=\"1920\" \/>\r\n\t<meta property=\"og:image:height\" content=\"210\" \/>\r\n<meta name=\"twitter:card\" content=\"summary\" \/>\r\n<script type=\"application\/ld+json\" class=\"yoast-schema-graph\">{\"@context\":\"https:\/\/schema.org\",\"@graph\":[{\"@type\":\"WebSite\",\"@id\":\"https:\/\/www.amazongas.com.br\/site\/#website\",\"url\":\"https:\/\/www.amazongas.com.br\/site\/\",\"name\":\"AmazonG\\u00e1s\",\"description\":\"Servindo Melhor!\",\"potentialAction\":[{\"@type\":\"SearchAction\",\"target\":\"https:\/\/www.amazongas.com.br\/site\/?s={search_term_string}\",\"query-input\":\"required name=search_term_string\"}],\"inLanguage\":\"pt-BR\"},{\"@type\":\"ImageObject\",\"@id\":\"https:\/\/www.amazongas.com.br\/site\/?page_id=1277#primaryimage\",\"inLanguage\":\"pt-BR\",\"url\":\"https:\/\/www.amazongas.com.br\/site\/wp-content\/uploads\/2016\/09\/espaco-revendedor-1.jpg\",\"width\":1920,\"height\":210},{\"@type\":\"WebPage\",\"@id\":\"https:\/\/www.amazongas.com.br\/site\/?page_id=1277#webpage\",\"url\":\"https:\/\/www.amazongas.com.br\/site\/?page_id=1277\",\"name\":\"Seja nosso Cliente - AmazonG\\u00e1s\",\"isPartOf\":{\"@id\":\"https:\/\/www.amazongas.com.br\/site\/#website\"},\"primaryImageOfPage\":{\"@id\":\"https:\/\/www.amazongas.com.br\/site\/?page_id=1277#primaryimage\"},\"datePublished\":\"2019-01-15T11:39:44+00:00\",\"dateModified\":\"2019-01-15T12:47:39+00:00\",\"inLanguage\":\"pt-BR\",\"potentialAction\":[{\"@type\":\"ReadAction\",\"target\":[\"https:\/\/www.amazongas.com.br\/site\/?page_id=1277\"]}]}]}<\/script>\r\n<!-- \/ Yoast SEO plugin. -->","_links":{"self":[{"href":"https:\/\/www.amazongas.com.br\/site\/index.php?rest_route=\/wp\/v2\/pages\/1277"}],"collection":[{"href":"https:\/\/www.amazongas.com.br\/site\/index.php?rest_route=\/wp\/v2\/pages"}],"about":[{"href":"https:\/\/www.amazongas.com.br\/site\/index.php?rest_route=\/wp\/v2\/types\/page"}],"author":[{"embeddable":true,"href":"https:\/\/www.amazongas.com.br\/site\/index.php?rest_route=\/wp\/v2\/users\/1"}],"replies":[{"embeddable":true,"href":"https:\/\/www.amazongas.com.br\/site\/index.php?rest_route=%2Fwp%2Fv2%2Fcomments&post=1277"}],"version-history":[{"count":1,"href":"https:\/\/www.amazongas.com.br\/site\/index.php?rest_route=\/wp\/v2\/pages\/1277\/revisions"}],"predecessor-version":[{"id":1278,"href":"https:\/\/www.amazongas.com.br\/site\/index.php?rest_route=\/wp\/v2\/pages\/1277\/revisions\/1278"}],"up":[{"embeddable":true,"href":"https:\/\/www.amazongas.com.br\/site\/index.php?rest_route=\/wp\/v2\/pages\/1013"}],"wp:featuredmedia":[{"embeddable":true,"href":"https:\/\/www.amazongas.com.br\/site\/index.php?rest_route=\/wp\/v2\/media\/940"}],"wp:attachment":[{"href":"https:\/\/www.amazongas.com.br\/site\/index.php?rest_route=%2Fwp%2Fv2%2Fmedia&parent=1277"}],"curies":[{"name":"wp","href":"https:\/\/api.w.org\/{rel}","templated":true}]}}