{"id":1017,"date":"2016-10-27T12:24:45","date_gmt":"2016-10-27T14:24:45","guid":{"rendered":"http:\/\/www.amazongas.com.br\/?page_id=1017"},"modified":"2019-01-15T07:55:22","modified_gmt":"2019-01-15T11:55:22","slug":"condominios","status":"publish","type":"page","link":"https:\/\/www.amazongas.com.br\/site\/?page_id=1017","title":{"rendered":"Condom\u00ed\u00adnios"},"content":{"rendered":"","protected":false},"excerpt":{"rendered":"","protected":false},"author":1,"featured_media":782,"parent":0,"menu_order":5,"comment_status":"closed","ping_status":"closed","template":"","meta":[],"yoast_head":"<!-- This site is optimized with the Yoast SEO plugin v15.7 - https:\/\/yoast.com\/wordpress\/plugins\/seo\/ -->\r\n<meta name=\"description\" content=\"A AmazonG\u00e1s fornece botijas para condom\u00ednios. Avaliamos sua necessidade e propomos o projeto de instala\u00e7\u00e3o e fornecimento adequados a suas necessidades.\" \/>\r\n<meta name=\"robots\" content=\"index, follow, max-snippet:-1, max-image-preview:large, max-video-preview:-1\" \/>\r\n<link rel=\"canonical\" href=\"https:\/\/www.amazongas.com.br\/site\/?page_id=1017\" \/>\r\n<meta property=\"og:locale\" content=\"pt_BR\" \/>\r\n<meta property=\"og:type\" content=\"article\" \/>\r\n<meta property=\"og:title\" content=\"Condom\u00ed\u00adnios - AmazonG\u00e1s\" \/>\r\n<meta property=\"og:description\" content=\"A AmazonG\u00e1s fornece botijas para condom\u00ednios. Avaliamos sua necessidade e propomos o projeto de instala\u00e7\u00e3o e fornecimento adequados a suas necessidades.\" \/>\r\n<meta property=\"og:url\" content=\"https:\/\/www.amazongas.com.br\/site\/?page_id=1017\" \/>\r\n<meta property=\"og:site_name\" content=\"AmazonG\u00e1s\" \/>\r\n<meta property=\"article:modified_time\" content=\"2019-01-15T11:55:22+00:00\" \/>\r\n<meta property=\"og:image\" content=\"https:\/\/www.amazongas.com.br\/site\/wp-content\/uploads\/2016\/09\/quem-somos.jpg\" \/>\r\n\t<meta property=\"og:image:width\" content=\"1920\" \/>\r\n\t<meta property=\"og:image:height\" content=\"210\" \/>\r\n<meta name=\"twitter:card\" content=\"summary\" \/>\r\n<script type=\"application\/ld+json\" class=\"yoast-schema-graph\">{\"@context\":\"https:\/\/schema.org\",\"@graph\":[{\"@type\":\"WebSite\",\"@id\":\"https:\/\/www.amazongas.com.br\/site\/#website\",\"url\":\"https:\/\/www.amazongas.com.br\/site\/\",\"name\":\"AmazonG\\u00e1s\",\"description\":\"Servindo Melhor!\",\"potentialAction\":[{\"@type\":\"SearchAction\",\"target\":\"https:\/\/www.amazongas.com.br\/site\/?s={search_term_string}\",\"query-input\":\"required name=search_term_string\"}],\"inLanguage\":\"pt-BR\"},{\"@type\":\"ImageObject\",\"@id\":\"https:\/\/www.amazongas.com.br\/site\/?page_id=1017#primaryimage\",\"inLanguage\":\"pt-BR\",\"url\":\"https:\/\/www.amazongas.com.br\/site\/wp-content\/uploads\/2016\/09\/quem-somos.jpg\",\"width\":1920,\"height\":210},{\"@type\":\"WebPage\",\"@id\":\"https:\/\/www.amazongas.com.br\/site\/?page_id=1017#webpage\",\"url\":\"https:\/\/www.amazongas.com.br\/site\/?page_id=1017\",\"name\":\"Condom\\u00ed\\u00adnios - AmazonG\\u00e1s\",\"isPartOf\":{\"@id\":\"https:\/\/www.amazongas.com.br\/site\/#website\"},\"primaryImageOfPage\":{\"@id\":\"https:\/\/www.amazongas.com.br\/site\/?page_id=1017#primaryimage\"},\"datePublished\":\"2016-10-27T14:24:45+00:00\",\"dateModified\":\"2019-01-15T11:55:22+00:00\",\"description\":\"A AmazonG\\u00e1s fornece botijas para condom\\u00ednios. Avaliamos sua necessidade e propomos o projeto de instala\\u00e7\\u00e3o e fornecimento adequados a suas necessidades.\",\"inLanguage\":\"pt-BR\",\"potentialAction\":[{\"@type\":\"ReadAction\",\"target\":[\"https:\/\/www.amazongas.com.br\/site\/?page_id=1017\"]}]}]}<\/script>\r\n<!-- \/ Yoast SEO plugin. -->","_links":{"self":[{"href":"https:\/\/www.amazongas.com.br\/site\/index.php?rest_route=\/wp\/v2\/pages\/1017"}],"collection":[{"href":"https:\/\/www.amazongas.com.br\/site\/index.php?rest_route=\/wp\/v2\/pages"}],"about":[{"href":"https:\/\/www.amazongas.com.br\/site\/index.php?rest_route=\/wp\/v2\/types\/page"}],"author":[{"embeddable":true,"href":"https:\/\/www.amazongas.com.br\/site\/index.php?rest_route=\/wp\/v2\/users\/1"}],"replies":[{"embeddable":true,"href":"https:\/\/www.amazongas.com.br\/site\/index.php?rest_route=%2Fwp%2Fv2%2Fcomments&post=1017"}],"version-history":[{"count":11,"href":"https:\/\/www.amazongas.com.br\/site\/index.php?rest_route=\/wp\/v2\/pages\/1017\/revisions"}],"predecessor-version":[{"id":1284,"href":"https:\/\/www.amazongas.com.br\/site\/index.php?rest_route=\/wp\/v2\/pages\/1017\/revisions\/1284"}],"wp:featuredmedia":[{"embeddable":true,"href":"https:\/\/www.amazongas.com.br\/site\/index.php?rest_route=\/wp\/v2\/media\/782"}],"wp:attachment":[{"href":"https:\/\/www.amazongas.com.br\/site\/index.php?rest_route=%2Fwp%2Fv2%2Fmedia&parent=1017"}],"curies":[{"name":"wp","href":"https:\/\/api.w.org\/{rel}","templated":true}]}}