{"id":1015,"date":"2016-10-27T12:24:29","date_gmt":"2016-10-27T14:24:29","guid":{"rendered":"http:\/\/www.amazongas.com.br\/?page_id=1015"},"modified":"2017-04-12T16:50:16","modified_gmt":"2017-04-12T20:50:16","slug":"residencial","status":"publish","type":"page","link":"https:\/\/www.amazongas.com.br\/site\/?page_id=1015","title":{"rendered":"Residencial"},"content":{"rendered":"\n\t\t<style type=\"text\/css\">\n\t\t\t#gallery-1 {\n\t\t\t\tmargin: auto;\n\t\t\t}\n\t\t\t#gallery-1 .gallery-item {\n\t\t\t\tfloat: left;\n\t\t\t\tmargin-top: 10px;\n\t\t\t\ttext-align: center;\n\t\t\t\twidth: 33%;\n\t\t\t}\n\t\t\t#gallery-1 img {\n\t\t\t\tborder: 2px solid #cfcfcf;\n\t\t\t}\n\t\t\t#gallery-1 .gallery-caption {\n\t\t\t\tmargin-left: 0;\n\t\t\t}\n\t\t\t\/* see gallery_shortcode() in wp-includes\/media.php *\/\n\t\t<\/style>\n\t\t<div id='gallery-1' class='gallery galleryid-1015 gallery-columns-3 gallery-size-large'><dl class='gallery-item'>\n\t\t\t<dt class='gallery-icon portrait'>\n\t\t\t\t<img width=\"194\" height=\"247\" src=\"https:\/\/www.amazongas.com.br\/site\/wp-content\/uploads\/2016\/08\/botija-13kg.jpg\" class=\"attachment-large size-large\" alt=\"\" loading=\"lazy\" aria-describedby=\"gallery-1-996\" \/>\n\t\t\t<\/dt>\n\t\t\t\t<dd class='wp-caption-text gallery-caption' id='gallery-1-996'>\n\t\t\t\t<h5>BOTIJ\u00c3O P13 &#8211; RESIDENCIAL PADR\u00c3O<\/h5><p>Conhecido como g\u00e1s de cozinha, utilizado em fog\u00f5es residenciais para cozinhar alimentos.<\/p>\n\t\t\t\t<\/dd><\/dl><dl class='gallery-item'>\n\t\t\t<dt class='gallery-icon portrait'>\n\t\t\t\t<img width=\"194\" height=\"247\" src=\"https:\/\/www.amazongas.com.br\/site\/wp-content\/uploads\/2016\/08\/botija-7kg.jpg\" class=\"attachment-large size-large\" alt=\"\" loading=\"lazy\" aria-describedby=\"gallery-1-995\" \/>\n\t\t\t<\/dt>\n\t\t\t\t<dd class='wp-caption-text gallery-caption' id='gallery-1-995'>\n\t\t\t\t<h5>BOTIJ\u00c3O P7 &#8211; RESIDENCIAL PEQUENO<\/h5><p>Assim como o Botij\u00e3o Normal pode ser utilizado normalmente em fog\u00f5es residenciais, como uma op\u00e7\u00e3o de economia que cabe no seu bolso e para quem tem baixo consumo de g\u00e1s.<\/p>\n\t\t\t\t<\/dd><\/dl><dl class='gallery-item'>\n\t\t\t<dt class='gallery-icon portrait'>\n\t\t\t\t<img width=\"194\" height=\"247\" src=\"https:\/\/www.amazongas.com.br\/site\/wp-content\/uploads\/2016\/08\/desc.jpg\" class=\"attachment-large size-large\" alt=\"\" loading=\"lazy\" aria-describedby=\"gallery-1-997\" \/>\n\t\t\t<\/dt>\n\t\t\t\t<dd class='wp-caption-text gallery-caption' id='gallery-1-997'>\n\t\t\t\t<h5>BOTIJ\u00c3O P2 &#8211; PORT\u00c1TIL<\/h5><p>Botij\u00e3o port\u00e1til, de dois quilos, geralmente utilizado em fogareiros de acampamento e lampi\u00f5es. N\u00e3o deve ser utilizado em fog\u00f5es comuns.<\/p>\n\t\t\t\t<\/dd><\/dl><br style=\"clear: both\" \/>\n\t\t<\/div>\n\n<p style=\"text-align: center;\"><a class=\"button-1\" href=\"https:\/\/www.amazongas.com.br\/site\/?page_id=929\">localize o revendedor mais pr\u00f3ximo<\/a><\/p>\n","protected":false},"excerpt":{"rendered":"<p>localize o revendedor mais pr\u00f3ximo<\/p>\n","protected":false},"author":1,"featured_media":806,"parent":0,"menu_order":8,"comment_status":"closed","ping_status":"closed","template":"","meta":[],"yoast_head":"<!-- This site is optimized with the Yoast SEO plugin v15.7 - https:\/\/yoast.com\/wordpress\/plugins\/seo\/ -->\r\n<meta name=\"description\" content=\"A AmazonG\u00e1s disp\u00f5e das seguintes botijas de 2kg, 7kg e 13kg para sua resid\u00eancia.\" \/>\r\n<meta name=\"robots\" content=\"index, follow, max-snippet:-1, max-image-preview:large, max-video-preview:-1\" \/>\r\n<link rel=\"canonical\" href=\"https:\/\/www.amazongas.com.br\/site\/?page_id=1015\" \/>\r\n<meta property=\"og:locale\" content=\"pt_BR\" \/>\r\n<meta property=\"og:type\" content=\"article\" \/>\r\n<meta property=\"og:title\" content=\"Residencial - AmazonG\u00e1s\" \/>\r\n<meta property=\"og:description\" content=\"A AmazonG\u00e1s disp\u00f5e das seguintes botijas de 2kg, 7kg e 13kg para sua resid\u00eancia.\" \/>\r\n<meta property=\"og:url\" content=\"https:\/\/www.amazongas.com.br\/site\/?page_id=1015\" \/>\r\n<meta property=\"og:site_name\" content=\"AmazonG\u00e1s\" \/>\r\n<meta property=\"article:modified_time\" content=\"2017-04-12T20:50:16+00:00\" \/>\r\n<meta property=\"og:image\" content=\"https:\/\/www.amazongas.com.br\/site\/wp-content\/uploads\/2016\/09\/residencial.jpg\" \/>\r\n\t<meta property=\"og:image:width\" content=\"1920\" \/>\r\n\t<meta property=\"og:image:height\" content=\"210\" \/>\r\n<meta name=\"twitter:card\" content=\"summary\" \/>\r\n<script type=\"application\/ld+json\" class=\"yoast-schema-graph\">{\"@context\":\"https:\/\/schema.org\",\"@graph\":[{\"@type\":\"WebSite\",\"@id\":\"https:\/\/www.amazongas.com.br\/site\/#website\",\"url\":\"https:\/\/www.amazongas.com.br\/site\/\",\"name\":\"AmazonG\\u00e1s\",\"description\":\"Servindo Melhor!\",\"potentialAction\":[{\"@type\":\"SearchAction\",\"target\":\"https:\/\/www.amazongas.com.br\/site\/?s={search_term_string}\",\"query-input\":\"required name=search_term_string\"}],\"inLanguage\":\"pt-BR\"},{\"@type\":\"ImageObject\",\"@id\":\"https:\/\/www.amazongas.com.br\/site\/?page_id=1015#primaryimage\",\"inLanguage\":\"pt-BR\",\"url\":\"https:\/\/www.amazongas.com.br\/site\/wp-content\/uploads\/2016\/09\/residencial.jpg\",\"width\":1920,\"height\":210},{\"@type\":\"WebPage\",\"@id\":\"https:\/\/www.amazongas.com.br\/site\/?page_id=1015#webpage\",\"url\":\"https:\/\/www.amazongas.com.br\/site\/?page_id=1015\",\"name\":\"Residencial - AmazonG\\u00e1s\",\"isPartOf\":{\"@id\":\"https:\/\/www.amazongas.com.br\/site\/#website\"},\"primaryImageOfPage\":{\"@id\":\"https:\/\/www.amazongas.com.br\/site\/?page_id=1015#primaryimage\"},\"datePublished\":\"2016-10-27T14:24:29+00:00\",\"dateModified\":\"2017-04-12T20:50:16+00:00\",\"description\":\"A AmazonG\\u00e1s disp\\u00f5e das seguintes botijas de 2kg, 7kg e 13kg para sua resid\\u00eancia.\",\"inLanguage\":\"pt-BR\",\"potentialAction\":[{\"@type\":\"ReadAction\",\"target\":[\"https:\/\/www.amazongas.com.br\/site\/?page_id=1015\"]}]}]}<\/script>\r\n<!-- \/ Yoast SEO plugin. -->","_links":{"self":[{"href":"https:\/\/www.amazongas.com.br\/site\/index.php?rest_route=\/wp\/v2\/pages\/1015"}],"collection":[{"href":"https:\/\/www.amazongas.com.br\/site\/index.php?rest_route=\/wp\/v2\/pages"}],"about":[{"href":"https:\/\/www.amazongas.com.br\/site\/index.php?rest_route=\/wp\/v2\/types\/page"}],"author":[{"embeddable":true,"href":"https:\/\/www.amazongas.com.br\/site\/index.php?rest_route=\/wp\/v2\/users\/1"}],"replies":[{"embeddable":true,"href":"https:\/\/www.amazongas.com.br\/site\/index.php?rest_route=%2Fwp%2Fv2%2Fcomments&post=1015"}],"version-history":[{"count":11,"href":"https:\/\/www.amazongas.com.br\/site\/index.php?rest_route=\/wp\/v2\/pages\/1015\/revisions"}],"predecessor-version":[{"id":1192,"href":"https:\/\/www.amazongas.com.br\/site\/index.php?rest_route=\/wp\/v2\/pages\/1015\/revisions\/1192"}],"wp:featuredmedia":[{"embeddable":true,"href":"https:\/\/www.amazongas.com.br\/site\/index.php?rest_route=\/wp\/v2\/media\/806"}],"wp:attachment":[{"href":"https:\/\/www.amazongas.com.br\/site\/index.php?rest_route=%2Fwp%2Fv2%2Fmedia&parent=1015"}],"curies":[{"name":"wp","href":"https:\/\/api.w.org\/{rel}","templated":true}]}}