{"id":1013,"date":"2016-10-27T12:22:53","date_gmt":"2016-10-27T14:22:53","guid":{"rendered":"http:\/\/www.amazongas.com.br\/?page_id=1013"},"modified":"2019-01-15T08:50:13","modified_gmt":"2019-01-15T12:50:13","slug":"industria-e-comercio","status":"publish","type":"page","link":"https:\/\/www.amazongas.com.br\/site\/?page_id=1013","title":{"rendered":"Ind\u00fastria e Com\u00e9rcio"},"content":{"rendered":"","protected":false},"excerpt":{"rendered":"","protected":false},"author":1,"featured_media":863,"parent":0,"menu_order":10,"comment_status":"closed","ping_status":"closed","template":"","meta":[],"yoast_head":"<!-- This site is optimized with the Yoast SEO plugin v15.7 - https:\/\/yoast.com\/wordpress\/plugins\/seo\/ -->\r\n<meta name=\"description\" content=\"A AmazonG\u00e1s fornece botijas para Ind\u00fastrias e Com\u00e9rcios. Avaliamos sua necessidade e propomos o projeto de instala\u00e7\u00e3o e fornecimento ideal para o seu neg\u00f3cio.\" \/>\r\n<meta name=\"robots\" content=\"index, follow, max-snippet:-1, max-image-preview:large, max-video-preview:-1\" \/>\r\n<link rel=\"canonical\" href=\"https:\/\/www.amazongas.com.br\/site\/?page_id=1013\" \/>\r\n<meta property=\"og:locale\" content=\"pt_BR\" \/>\r\n<meta property=\"og:type\" content=\"article\" \/>\r\n<meta property=\"og:title\" content=\"Ind\u00fastria e Com\u00e9rcio - AmazonG\u00e1s\" \/>\r\n<meta property=\"og:description\" content=\"A AmazonG\u00e1s fornece botijas para Ind\u00fastrias e Com\u00e9rcios. Avaliamos sua necessidade e propomos o projeto de instala\u00e7\u00e3o e fornecimento ideal para o seu neg\u00f3cio.\" \/>\r\n<meta property=\"og:url\" content=\"https:\/\/www.amazongas.com.br\/site\/?page_id=1013\" \/>\r\n<meta property=\"og:site_name\" content=\"AmazonG\u00e1s\" \/>\r\n<meta property=\"article:modified_time\" content=\"2019-01-15T12:50:13+00:00\" \/>\r\n<meta property=\"og:image\" content=\"https:\/\/www.amazongas.com.br\/site\/wp-content\/uploads\/2016\/09\/politica-da-empresa.jpg\" \/>\r\n\t<meta property=\"og:image:width\" content=\"1920\" \/>\r\n\t<meta property=\"og:image:height\" content=\"210\" \/>\r\n<meta name=\"twitter:card\" content=\"summary\" \/>\r\n<script type=\"application\/ld+json\" class=\"yoast-schema-graph\">{\"@context\":\"https:\/\/schema.org\",\"@graph\":[{\"@type\":\"WebSite\",\"@id\":\"https:\/\/www.amazongas.com.br\/site\/#website\",\"url\":\"https:\/\/www.amazongas.com.br\/site\/\",\"name\":\"AmazonG\\u00e1s\",\"description\":\"Servindo Melhor!\",\"potentialAction\":[{\"@type\":\"SearchAction\",\"target\":\"https:\/\/www.amazongas.com.br\/site\/?s={search_term_string}\",\"query-input\":\"required name=search_term_string\"}],\"inLanguage\":\"pt-BR\"},{\"@type\":\"ImageObject\",\"@id\":\"https:\/\/www.amazongas.com.br\/site\/?page_id=1013#primaryimage\",\"inLanguage\":\"pt-BR\",\"url\":\"https:\/\/www.amazongas.com.br\/site\/wp-content\/uploads\/2016\/09\/politica-da-empresa.jpg\",\"width\":1920,\"height\":210},{\"@type\":\"WebPage\",\"@id\":\"https:\/\/www.amazongas.com.br\/site\/?page_id=1013#webpage\",\"url\":\"https:\/\/www.amazongas.com.br\/site\/?page_id=1013\",\"name\":\"Ind\\u00fastria e Com\\u00e9rcio - AmazonG\\u00e1s\",\"isPartOf\":{\"@id\":\"https:\/\/www.amazongas.com.br\/site\/#website\"},\"primaryImageOfPage\":{\"@id\":\"https:\/\/www.amazongas.com.br\/site\/?page_id=1013#primaryimage\"},\"datePublished\":\"2016-10-27T14:22:53+00:00\",\"dateModified\":\"2019-01-15T12:50:13+00:00\",\"description\":\"A AmazonG\\u00e1s fornece botijas para Ind\\u00fastrias e Com\\u00e9rcios. Avaliamos sua necessidade e propomos o projeto de instala\\u00e7\\u00e3o e fornecimento ideal para o seu neg\\u00f3cio.\",\"inLanguage\":\"pt-BR\",\"potentialAction\":[{\"@type\":\"ReadAction\",\"target\":[\"https:\/\/www.amazongas.com.br\/site\/?page_id=1013\"]}]}]}<\/script>\r\n<!-- \/ Yoast SEO plugin. -->","_links":{"self":[{"href":"https:\/\/www.amazongas.com.br\/site\/index.php?rest_route=\/wp\/v2\/pages\/1013"}],"collection":[{"href":"https:\/\/www.amazongas.com.br\/site\/index.php?rest_route=\/wp\/v2\/pages"}],"about":[{"href":"https:\/\/www.amazongas.com.br\/site\/index.php?rest_route=\/wp\/v2\/types\/page"}],"author":[{"embeddable":true,"href":"https:\/\/www.amazongas.com.br\/site\/index.php?rest_route=\/wp\/v2\/users\/1"}],"replies":[{"embeddable":true,"href":"https:\/\/www.amazongas.com.br\/site\/index.php?rest_route=%2Fwp%2Fv2%2Fcomments&post=1013"}],"version-history":[{"count":22,"href":"https:\/\/www.amazongas.com.br\/site\/index.php?rest_route=\/wp\/v2\/pages\/1013\/revisions"}],"predecessor-version":[{"id":1280,"href":"https:\/\/www.amazongas.com.br\/site\/index.php?rest_route=\/wp\/v2\/pages\/1013\/revisions\/1280"}],"wp:featuredmedia":[{"embeddable":true,"href":"https:\/\/www.amazongas.com.br\/site\/index.php?rest_route=\/wp\/v2\/media\/863"}],"wp:attachment":[{"href":"https:\/\/www.amazongas.com.br\/site\/index.php?rest_route=%2Fwp%2Fv2%2Fmedia&parent=1013"}],"curies":[{"name":"wp","href":"https:\/\/api.w.org\/{rel}","templated":true}]}}